{"id":79,"date":"2013-12-14T11:38:16","date_gmt":"2013-12-14T09:38:16","guid":{"rendered":"http:\/\/localhost\/wordpress\/?page_id=79"},"modified":"2023-02-13T17:55:49","modified_gmt":"2023-02-13T15:55:49","slug":"hebergement","status":"publish","type":"page","link":"https:\/\/tasra.info\/fr\/hebergement\/","title":{"rendered":"H\u00e9bergement"},"content":{"rendered":"<p><!--more--><\/p>\n<p>L\u00b4auberge dispose de chambres doubles et de chambres triples.<\/p>\n<p>Les chambres confortables sont toutes \u00e9quip\u00e9es et con\u00e7ues de mani\u00e8res diff\u00e9rentes.<\/p>\n<p><a title=\"Auberge Tasra Chambres\" href=\"https:\/\/tasra.info\/fr\/auberge-tasra-chambres\/\">(Voir la galerie de photos)<\/a><\/p>\n<p>Pension compl\u00e8te (petit d\u00e9jeuner et deux repas chauds inclus)<\/p>\n<h3>Les groupes de motos et v\u00e9los sont la bienvenue. Places de stationnement disponibles.<\/h3>\n<h3>A savoir: Prix-Argent.<\/h3>\n<p>Vous avez la possibilit\u00e9 de retirer de l\u2019argent aux distributeurs de billets disponibles dans les villes d\u2019Agadir, Tamanar, Tamri et Essaouira.<\/p>\n<p>A Imsouane vous avez la possibilit\u00e9 de changer de l\u2019argent \u00e0 l\u2019auberge, mais il n\u2019y a ni banque ni distributeur de billets.<\/p>\n","protected":false},"excerpt":{"rendered":"","protected":false},"author":1,"featured_media":0,"parent":0,"menu_order":0,"comment_status":"closed","ping_status":"closed","template":"","meta":{"footnotes":""},"class_list":["post-79","page","type-page","status-publish","hentry"],"_links":{"self":[{"href":"https:\/\/tasra.info\/fr\/wp-json\/wp\/v2\/pages\/79","targetHints":{"allow":["GET"]}}],"collection":[{"href":"https:\/\/tasra.info\/fr\/wp-json\/wp\/v2\/pages"}],"about":[{"href":"https:\/\/tasra.info\/fr\/wp-json\/wp\/v2\/types\/page"}],"author":[{"embeddable":true,"href":"https:\/\/tasra.info\/fr\/wp-json\/wp\/v2\/users\/1"}],"replies":[{"embeddable":true,"href":"https:\/\/tasra.info\/fr\/wp-json\/wp\/v2\/comments?post=79"}],"version-history":[{"count":17,"href":"https:\/\/tasra.info\/fr\/wp-json\/wp\/v2\/pages\/79\/revisions"}],"predecessor-version":[{"id":1139,"href":"https:\/\/tasra.info\/fr\/wp-json\/wp\/v2\/pages\/79\/revisions\/1139"}],"wp:attachment":[{"href":"https:\/\/tasra.info\/fr\/wp-json\/wp\/v2\/media?parent=79"}],"curies":[{"name":"wp","href":"https:\/\/api.w.org\/{rel}","templated":true}]}}