{"id":591,"date":"2014-01-12T12:10:27","date_gmt":"2014-01-12T12:10:27","guid":{"rendered":"http:\/\/tasra.info\/?page_id=591"},"modified":"2017-10-10T22:53:00","modified_gmt":"2017-10-10T20:53:00","slug":"randonnees","status":"publish","type":"page","link":"https:\/\/tasra.info\/fr\/randonnees\/","title":{"rendered":"Randonn\u00e9es"},"content":{"rendered":"<h1 align=\"LEFT\"><\/h1>\n<h3 align=\"LEFT\"><img loading=\"lazy\" decoding=\"async\" class=\"alignleft size-medium wp-image-813\" src=\"https:\/\/tasra.info\/fr\/wp-content\/uploads\/sites\/2\/2013\/12\/Ibis-noir-300x225.jpg\" alt=\"Imsoouane  Ibis-noir\" width=\"300\" height=\"225\" srcset=\"https:\/\/tasra.info\/fr\/wp-content\/uploads\/sites\/2\/2013\/12\/Ibis-noir-300x225.jpg 300w, https:\/\/tasra.info\/fr\/wp-content\/uploads\/sites\/2\/2013\/12\/Ibis-noir-1024x768.jpg 1024w\" sizes=\"auto, (max-width: 300px) 100vw, 300px\" \/><strong>Randonn\u00e9es<\/strong><\/h3>\n<p>Autour de l\u00b4auberge Tasra, vous d\u00e9couvrez des pistes de randonn\u00e9e, des sentiers emprunt\u00e9s par les berb\u00e8res avec leurs troupeaux depuis des centaines d\u2019ann\u00e9es.<\/p>\n<p>Les chemins m\u00e8nent vers une nature chaste. Ce paysage qui m\u00e9rite d\u2019\u00eatre prot\u00e9g\u00e9 avec ses bosquets d\u2019arganiers a \u00e9t\u00e9 d\u00e9clar\u00e9 en 1992 comme r\u00e9serve de biosph\u00e8re par l\u00b4UNESCO.<\/p>\n<p>Pour ceux qui aiment les oiseaux, la rencontre avec \u2018ibis est particuli\u00e8rement int\u00e9ressante.<\/p>\n<p>Ici sur la zone c\u00f4ti\u00e8re vit l\u00b4une des derni\u00e8res populations sauvages du c\u00e9l\u00e8bre ibis noir.<\/p>\n<p>&nbsp;<\/p>\n<p>Il ne faut surtout pas rater les langues randonn\u00e9es c\u00f4ti\u00e8res vers les plages immacul\u00e9es et d\u00e9pourvues de la trace de l\u00b4homme.<\/p>\n<p>Nous vous donnerons volontiers des conseils et \u00e9tudierons un chemin de randonn\u00e9e avec vous.<\/p>\n<p>&nbsp;<\/p>\n<p>L\u00b4Auberge Tasra vous ravitaille avec joie en boissons, paniers de repas et autres alimentations<\/p>\n<div id=\"attachment_789\" style=\"width: 310px\" class=\"wp-caption alignleft\"><img loading=\"lazy\" decoding=\"async\" aria-describedby=\"caption-attachment-789\" class=\"size-medium wp-image-789\" src=\"https:\/\/tasra.info\/fr\/wp-content\/uploads\/sites\/2\/2013\/12\/Auberge-Tasra-Imsouane-Kueste-Fossilien-300x225.jpg\" alt=\"Site de d\u00e9couverte de fossiles\" width=\"300\" height=\"225\" srcset=\"https:\/\/tasra.info\/fr\/wp-content\/uploads\/sites\/2\/2013\/12\/Auberge-Tasra-Imsouane-Kueste-Fossilien-300x225.jpg 300w, https:\/\/tasra.info\/fr\/wp-content\/uploads\/sites\/2\/2013\/12\/Auberge-Tasra-Imsouane-Kueste-Fossilien.jpg 1024w\" sizes=\"auto, (max-width: 300px) 100vw, 300px\" \/><p id=\"caption-attachment-789\" class=\"wp-caption-text\">Site de d\u00e9couverte de fossiles<\/p><\/div>\n<div id=\"attachment_784\" style=\"width: 310px\" class=\"wp-caption alignright\"><img loading=\"lazy\" decoding=\"async\" aria-describedby=\"caption-attachment-784\" class=\"size-medium wp-image-784\" src=\"https:\/\/tasra.info\/fr\/wp-content\/uploads\/sites\/2\/2013\/12\/Auberge-Tasra-Imsouane-Fossilien-300x225.jpg\" alt=\"Fossiles\" width=\"300\" height=\"225\" srcset=\"https:\/\/tasra.info\/fr\/wp-content\/uploads\/sites\/2\/2013\/12\/Auberge-Tasra-Imsouane-Fossilien-300x225.jpg 300w, https:\/\/tasra.info\/fr\/wp-content\/uploads\/sites\/2\/2013\/12\/Auberge-Tasra-Imsouane-Fossilien.jpg 1024w\" sizes=\"auto, (max-width: 300px) 100vw, 300px\" \/><p id=\"caption-attachment-784\" class=\"wp-caption-text\">Fossiles<\/p><\/div>\n<p>&nbsp;<\/p>\n<h3><strong>Site de d\u00e9couverte de fossiles<\/strong><\/h3>\n<p>A la recherche de d\u00e9couvertes particuli\u00e8res au Maroc, nous pouvons vous indiquer des lieux o\u00f9 le pass\u00e9 a laiss\u00e9 ses traces. Une v\u00e9ritable mine de tr\u00e9sors pour les collectionneurs, les amis de l\u00b4arch\u00e9ologie et de la pal\u00e9ontologie.<\/p>\n<p>&nbsp;<\/p>\n<h3><strong>Autres activit\u00e9s<\/strong><\/h3>\n<p>Les places calmes dans le jardin ou dans la cour de l\u2019Auberge Tasra ou dans le paysage, invitent \u00e0 lire, dessiner ou peindre.<\/p>\n<p>Nous nous r\u00e9jouissons de pouvoir exposer les \u0153uvres de certains artistes. Laissez-vous inspirer.<\/p>\n<p><a href=\"https:\/\/tasra.info\/fr\/wp-content\/uploads\/sites\/2\/2017\/10\/Imsouane.jpg\"><img loading=\"lazy\" decoding=\"async\" class=\"aligncenter size-large wp-image-1103\" src=\"https:\/\/tasra.info\/fr\/wp-content\/uploads\/sites\/2\/2017\/10\/Imsouane-1024x575.jpg\" alt=\"Mandala Art\" width=\"640\" height=\"359\" srcset=\"https:\/\/tasra.info\/fr\/wp-content\/uploads\/sites\/2\/2017\/10\/Imsouane-1024x575.jpg 1024w, https:\/\/tasra.info\/fr\/wp-content\/uploads\/sites\/2\/2017\/10\/Imsouane-300x169.jpg 300w, https:\/\/tasra.info\/fr\/wp-content\/uploads\/sites\/2\/2017\/10\/Imsouane.jpg 2000w\" sizes=\"auto, (max-width: 640px) 100vw, 640px\" \/><\/a><\/p>\n","protected":false},"excerpt":{"rendered":"<p>Randonn\u00e9es Autour de l\u00b4auberge Tasra, vous d\u00e9couvrez des pistes de randonn\u00e9e, des sentiers emprunt\u00e9s par les berb\u00e8res avec leurs troupeaux depuis des centaines d\u2019ann\u00e9es. Les chemins m\u00e8nent vers une nature chaste. Ce paysage qui m\u00e9rite d\u2019\u00eatre prot\u00e9g\u00e9 avec ses bosquets d\u2019arganiers a \u00e9t\u00e9 d\u00e9clar\u00e9 en 1992 comme r\u00e9serve de biosph\u00e8re par l\u00b4UNESCO. Pour ceux qui [&hellip;]<\/p>\n","protected":false},"author":1,"featured_media":0,"parent":0,"menu_order":0,"comment_status":"closed","ping_status":"open","template":"","meta":{"footnotes":""},"class_list":["post-591","page","type-page","status-publish","hentry"],"_links":{"self":[{"href":"https:\/\/tasra.info\/fr\/wp-json\/wp\/v2\/pages\/591","targetHints":{"allow":["GET"]}}],"collection":[{"href":"https:\/\/tasra.info\/fr\/wp-json\/wp\/v2\/pages"}],"about":[{"href":"https:\/\/tasra.info\/fr\/wp-json\/wp\/v2\/types\/page"}],"author":[{"embeddable":true,"href":"https:\/\/tasra.info\/fr\/wp-json\/wp\/v2\/users\/1"}],"replies":[{"embeddable":true,"href":"https:\/\/tasra.info\/fr\/wp-json\/wp\/v2\/comments?post=591"}],"version-history":[{"count":7,"href":"https:\/\/tasra.info\/fr\/wp-json\/wp\/v2\/pages\/591\/revisions"}],"predecessor-version":[{"id":1105,"href":"https:\/\/tasra.info\/fr\/wp-json\/wp\/v2\/pages\/591\/revisions\/1105"}],"wp:attachment":[{"href":"https:\/\/tasra.info\/fr\/wp-json\/wp\/v2\/media?parent=591"}],"curies":[{"name":"wp","href":"https:\/\/api.w.org\/{rel}","templated":true}]}}