{"id":590,"date":"2014-01-12T12:13:18","date_gmt":"2014-01-12T12:13:18","guid":{"rendered":"http:\/\/tasra.info\/?page_id=590"},"modified":"2015-01-24T12:51:18","modified_gmt":"2015-01-24T10:51:18","slug":"la-peche","status":"publish","type":"page","link":"https:\/\/tasra.info\/fr\/la-peche\/","title":{"rendered":"La P\u00eache"},"content":{"rendered":"<h1 align=\"LEFT\"><\/h1>\n<div id=\"attachment_779\" style=\"width: 310px\" class=\"wp-caption alignleft\"><img loading=\"lazy\" decoding=\"async\" aria-describedby=\"caption-attachment-779\" class=\"wp-image-779 size-medium\" src=\"https:\/\/tasra.info\/fr\/wp-content\/uploads\/sites\/2\/2013\/12\/Auberge-Tasra-Imsouane-Cathedrale-Angeln-1024x768-300x225.jpg\" alt=\"P\u00eache \u00e0 la Cath\u00e9drale\" width=\"300\" height=\"225\" srcset=\"https:\/\/tasra.info\/fr\/wp-content\/uploads\/sites\/2\/2013\/12\/Auberge-Tasra-Imsouane-Cathedrale-Angeln-1024x768-300x225.jpg 300w, https:\/\/tasra.info\/fr\/wp-content\/uploads\/sites\/2\/2013\/12\/Auberge-Tasra-Imsouane-Cathedrale-Angeln-1024x768.jpg 1024w\" sizes=\"auto, (max-width: 300px) 100vw, 300px\" \/><p id=\"caption-attachment-779\" class=\"wp-caption-text\">P\u00eache \u00e0 la Cath\u00e9drale<\/p><\/div>\n<div id=\"attachment_780\" style=\"width: 310px\" class=\"wp-caption alignright\"><img loading=\"lazy\" decoding=\"async\" aria-describedby=\"caption-attachment-780\" class=\"size-medium wp-image-780\" src=\"https:\/\/tasra.info\/fr\/wp-content\/uploads\/sites\/2\/2013\/12\/Auberge-Tasra-Imsouane-Cathedrale-Fischer-1024x768-300x225.jpg\" alt=\"Place pr\u00e9f\u00e9r\u00e9e\" width=\"300\" height=\"225\" srcset=\"https:\/\/tasra.info\/fr\/wp-content\/uploads\/sites\/2\/2013\/12\/Auberge-Tasra-Imsouane-Cathedrale-Fischer-1024x768-300x225.jpg 300w, https:\/\/tasra.info\/fr\/wp-content\/uploads\/sites\/2\/2013\/12\/Auberge-Tasra-Imsouane-Cathedrale-Fischer-1024x768.jpg 1024w\" sizes=\"auto, (max-width: 300px) 100vw, 300px\" \/><p id=\"caption-attachment-780\" class=\"wp-caption-text\">Place pr\u00e9f\u00e9r\u00e9e<\/p><\/div>\n<h3><strong>P\u00eache sur la c\u00f4te atlantique<\/strong><\/h3>\n<p>Dorade grise, dorade royale, loups de mer appartiennent aux esp\u00e8ces les plus pris\u00e9es.<\/p>\n<p>&nbsp;<\/p>\n<p>P\u00eacher dans la nature \u00e1 seulement 15 minutes de marche. Notre \u00e9quipe de cuisine se fera un plaisir de vous pr\u00e9parer les poissons pris.<\/p>\n<p>&nbsp;<\/p>\n<h1 align=\"LEFT\"><span style=\"color: #000000;\"><span style=\"font-family: Arial, sans-serif;\"><span style=\"font-size: medium;\"><span style=\"color: #333333; font-size: 13px;\">\u00a0<\/span><\/span><\/span><\/span><\/h1>\n<p>&nbsp;<\/p>\n<p>&nbsp;<\/p>\n","protected":false},"excerpt":{"rendered":"<p>P\u00eache sur la c\u00f4te atlantique Dorade grise, dorade royale, loups de mer appartiennent aux esp\u00e8ces les plus pris\u00e9es. &nbsp; P\u00eacher dans la nature \u00e1 seulement 15 minutes de marche. Notre \u00e9quipe de cuisine se fera un plaisir de vous pr\u00e9parer les poissons pris. &nbsp; \u00a0 &nbsp; &nbsp;<\/p>\n","protected":false},"author":1,"featured_media":0,"parent":0,"menu_order":0,"comment_status":"closed","ping_status":"open","template":"","meta":{"footnotes":""},"class_list":["post-590","page","type-page","status-publish","hentry"],"_links":{"self":[{"href":"https:\/\/tasra.info\/fr\/wp-json\/wp\/v2\/pages\/590","targetHints":{"allow":["GET"]}}],"collection":[{"href":"https:\/\/tasra.info\/fr\/wp-json\/wp\/v2\/pages"}],"about":[{"href":"https:\/\/tasra.info\/fr\/wp-json\/wp\/v2\/types\/page"}],"author":[{"embeddable":true,"href":"https:\/\/tasra.info\/fr\/wp-json\/wp\/v2\/users\/1"}],"replies":[{"embeddable":true,"href":"https:\/\/tasra.info\/fr\/wp-json\/wp\/v2\/comments?post=590"}],"version-history":[{"count":6,"href":"https:\/\/tasra.info\/fr\/wp-json\/wp\/v2\/pages\/590\/revisions"}],"predecessor-version":[{"id":1116,"href":"https:\/\/tasra.info\/fr\/wp-json\/wp\/v2\/pages\/590\/revisions\/1116"}],"wp:attachment":[{"href":"https:\/\/tasra.info\/fr\/wp-json\/wp\/v2\/media?parent=590"}],"curies":[{"name":"wp","href":"https:\/\/api.w.org\/{rel}","templated":true}]}}