{"id":436,"date":"2014-01-05T13:58:40","date_gmt":"2014-01-05T13:58:40","guid":{"rendered":"http:\/\/tasra.info\/?page_id=436"},"modified":"2015-01-24T21:23:16","modified_gmt":"2015-01-24T19:23:16","slug":"imsouane","status":"publish","type":"page","link":"https:\/\/tasra.info\/fr\/imsouane\/","title":{"rendered":"Imsouane"},"content":{"rendered":"<h2>Poisson frais<\/h2>\n<p>L\u2019ancien village de p\u00eacheurs Imsouane se situe au sud du Maroc sur la c\u00f4te atlantique au sein de la r\u00e9serve naturelle de la province d\u2019Agadir-Ida ou Tanane.<\/p>\n<p>La vie du village \u00e0 Imsouane est marqu\u00e9e par la p\u00eache, le tourisme et une vie au rythme de la nature. Vous vivrez tout pr\u00e8s de la mer agit\u00e9e.<\/p>\n<p>L\u2019une des attractions particuli\u00e8res est la grande activit\u00e9 dans le d\u00e9p\u00f4t de poisson, o\u00f9 se passent les ventes aux ench\u00e8res quotidiennement.<\/p>\n<h2 style=\"text-align: justify;\"><\/h2>\n<div id=\"attachment_783\" style=\"width: 310px\" class=\"wp-caption aligncenter\"><img loading=\"lazy\" decoding=\"async\" aria-describedby=\"caption-attachment-783\" class=\"wp-image-783 size-medium\" src=\"https:\/\/tasra.info\/fr\/wp-content\/uploads\/sites\/2\/2013\/12\/Auberge-Tasra-Imsouane-Fischer-1024x768-300x225.jpg\" alt=\"P\u00eacheurs d'Imsouane\" width=\"300\" height=\"225\" srcset=\"https:\/\/tasra.info\/fr\/wp-content\/uploads\/sites\/2\/2013\/12\/Auberge-Tasra-Imsouane-Fischer-1024x768-300x225.jpg 300w, https:\/\/tasra.info\/fr\/wp-content\/uploads\/sites\/2\/2013\/12\/Auberge-Tasra-Imsouane-Fischer-1024x768.jpg 1024w\" sizes=\"auto, (max-width: 300px) 100vw, 300px\" \/><p id=\"caption-attachment-783\" class=\"wp-caption-text\">P\u00eacheurs d&#8217;Imsouane<\/p><\/div>\n<h2>Spots de surf pour d\u00e9butants et confirm\u00e9s<\/h2>\n<p>La c\u00f4te atlantique, de par ses vagues optimales, attire beaucoup de surfeurs sur les longues plages au sable fin. Ici vous pouvez surfer sur des vagues jusqu\u2019\u00e0 une distance de cinq cent m\u00e8tres.<\/p>\n<p>Conditions id\u00e9alespour surfer et rencontrer des passionn\u00e9s du monde entier.<\/p>\n<div id=\"attachment_793\" style=\"width: 310px\" class=\"wp-caption alignleft\"><img loading=\"lazy\" decoding=\"async\" aria-describedby=\"caption-attachment-793\" class=\"size-medium wp-image-793\" src=\"https:\/\/tasra.info\/fr\/wp-content\/uploads\/sites\/2\/2013\/12\/Auberge-Tasra-Imsouane-Surf-Bucht-300x225.jpg\" alt=\"Imsouane Surfer das la baie\" width=\"300\" height=\"225\" srcset=\"https:\/\/tasra.info\/fr\/wp-content\/uploads\/sites\/2\/2013\/12\/Auberge-Tasra-Imsouane-Surf-Bucht-300x225.jpg 300w, https:\/\/tasra.info\/fr\/wp-content\/uploads\/sites\/2\/2013\/12\/Auberge-Tasra-Imsouane-Surf-Bucht-1024x768.jpg 1024w\" sizes=\"auto, (max-width: 300px) 100vw, 300px\" \/><p id=\"caption-attachment-793\" class=\"wp-caption-text\">Imsouane Surfer das la baie<\/p><\/div>\n<div id=\"attachment_794\" style=\"width: 310px\" class=\"wp-caption alignleft\"><a href=\"https:\/\/tasra.info\/fr\/wp-content\/uploads\/sites\/2\/2013\/12\/Auberge-Tasra-Imsouane-Surfer-2013.jpg\"><img loading=\"lazy\" decoding=\"async\" aria-describedby=\"caption-attachment-794\" class=\"size-medium wp-image-794\" src=\"https:\/\/tasra.info\/fr\/wp-content\/uploads\/sites\/2\/2013\/12\/Auberge-Tasra-Imsouane-Surfer-2013-300x225.jpg\" alt=\"Surfer en hiver a Imsouane\" width=\"300\" height=\"225\" srcset=\"https:\/\/tasra.info\/fr\/wp-content\/uploads\/sites\/2\/2013\/12\/Auberge-Tasra-Imsouane-Surfer-2013-300x225.jpg 300w, https:\/\/tasra.info\/fr\/wp-content\/uploads\/sites\/2\/2013\/12\/Auberge-Tasra-Imsouane-Surfer-2013-1024x768.jpg 1024w\" sizes=\"auto, (max-width: 300px) 100vw, 300px\" \/><\/a><p id=\"caption-attachment-794\" class=\"wp-caption-text\">Surfer en hiver a Imsouane<\/p><\/div>\n<h2>C\u00f4te rocheuse<\/h2>\n<p>Hormis les plages il y a beaucoup d\u2019\u00e9cueils \u00e9tranges et rocheux. Tr\u00e8s connue est la cath\u00e9drale form\u00e9e par un complexe rocheux avec ses \u00e9cumes de plusieurs m\u00e8tres de hauteur. Et l\u00e0 vous trouverez des endroits id\u00e9aux pour la p\u00eache.<\/p>\n<p>Naturellement vous pouvez aussi tout simplement vous promenez sur les bords de l\u2019atlantique. Quoiqu\u2019il en soit, vous vivrez un endroit de tout repos o\u00f9 vous n\u2019entendrez que le grondement de la mer.<\/p>\n<div id=\"attachment_776\" style=\"width: 310px\" class=\"wp-caption aligncenter\"><img loading=\"lazy\" decoding=\"async\" aria-describedby=\"caption-attachment-776\" class=\"wp-image-776 size-medium\" src=\"https:\/\/tasra.info\/fr\/wp-content\/uploads\/sites\/2\/2013\/12\/Auberge-Tasra-Imsouane-Cathdrale-3-1024x768-300x225.jpg\" alt=\"Imsouane Rocher de la cath\u00e9drale\" width=\"300\" height=\"225\" srcset=\"https:\/\/tasra.info\/fr\/wp-content\/uploads\/sites\/2\/2013\/12\/Auberge-Tasra-Imsouane-Cathdrale-3-1024x768-300x225.jpg 300w, https:\/\/tasra.info\/fr\/wp-content\/uploads\/sites\/2\/2013\/12\/Auberge-Tasra-Imsouane-Cathdrale-3-1024x768.jpg 1024w\" sizes=\"auto, (max-width: 300px) 100vw, 300px\" \/><p id=\"caption-attachment-776\" class=\"wp-caption-text\">Imsouane Rocher de la cath\u00e9drale<\/p><\/div>\n<h2>Cuisine marocaine<\/h2>\n<p>Ici, les traditions d\u2019hospitalit\u00e9 sont \u00e9crites en lettres d\u2019or.<\/p>\n<p>Les touristes et les vacanciers y sont toujours les bienvenus. De l\u2019h\u00e9bergement jusqu\u2019aux plats d\u00e9licieux typiques du pays, rien n\u2019est laiss\u00e9 au hasard.<\/p>\n<p>Au sein du village, on peut faire de petites affaires et se fortifier dans les snack-bars et les caf\u00e9s.<\/p>\n<p><span style=\"color: #333333;\">\u00a0<\/span><\/p>\n<h2>Imsouane le soir<\/h2>\n<p>Et le soir par exemple on peut se rencontrer dans l\u2019atmosph\u00e8re d\u00e9tendue de l\u2019Auberge Tasra, o\u00f9on peut faire la connaissance de gens sympathiques avec qui on peut \u00e9changer ses exp\u00e9riences, \u00e9couter la musique Gnawa ou faire la f\u00eate ensemble.<\/p>\n<p>Savourez avec tous vos sens la tradition culturelle maghr\u00e9bine aussi bien sous sa forme historique que moderne.<\/p>\n<p>L\u2019environnement inspire et permet la m\u00e9ditation. Prendre distance de la vie citadine, marquer un temps d\u2019arr\u00eat et r\u00e9fl\u00e9chir sur l&#8217;art de vivre inspir\u00e9 de la rencontre de la tradition et du moderne.Tout est source d&#8217;inspiration.<\/p>\n<p>Insouciance l\u00e9g\u00e8ret\u00e9de l\u2019\u00eatre + Repos + Echange de vues sur d\u2019autres cultures, Rencontre&#8230;Vacances!<\/p>\n<div id=\"attachment_829\" style=\"width: 310px\" class=\"wp-caption aligncenter\"><img loading=\"lazy\" decoding=\"async\" aria-describedby=\"caption-attachment-829\" class=\"size-medium wp-image-829\" src=\"https:\/\/tasra.info\/fr\/wp-content\/uploads\/sites\/2\/2013\/12\/Imsouane-Auberge-Tasra-Restaurant-Bar-1024x768-300x225.jpg\" alt=\"Imsouane Auberge Tasra  Bar Restaurant\" width=\"300\" height=\"225\" srcset=\"https:\/\/tasra.info\/fr\/wp-content\/uploads\/sites\/2\/2013\/12\/Imsouane-Auberge-Tasra-Restaurant-Bar-1024x768-300x225.jpg 300w, https:\/\/tasra.info\/fr\/wp-content\/uploads\/sites\/2\/2013\/12\/Imsouane-Auberge-Tasra-Restaurant-Bar-1024x768.jpg 1024w\" sizes=\"auto, (max-width: 300px) 100vw, 300px\" \/><p id=\"caption-attachment-829\" class=\"wp-caption-text\">Imsouane Auberge Tasra Bar Restaurant<\/p><\/div>\n<p style=\"text-align: justify;\">\n<p>&nbsp;<\/p>\n","protected":false},"excerpt":{"rendered":"<p>Poisson frais L\u2019ancien village de p\u00eacheurs Imsouane se situe au sud du Maroc sur la c\u00f4te atlantique au sein de la r\u00e9serve naturelle de la province d\u2019Agadir-Ida ou Tanane. La vie du village \u00e0 Imsouane est marqu\u00e9e par la p\u00eache, le tourisme et une vie au rythme de la nature. Vous vivrez tout pr\u00e8s de [&hellip;]<\/p>\n","protected":false},"author":1,"featured_media":0,"parent":0,"menu_order":0,"comment_status":"closed","ping_status":"open","template":"","meta":{"footnotes":""},"class_list":["post-436","page","type-page","status-publish","hentry"],"_links":{"self":[{"href":"https:\/\/tasra.info\/fr\/wp-json\/wp\/v2\/pages\/436","targetHints":{"allow":["GET"]}}],"collection":[{"href":"https:\/\/tasra.info\/fr\/wp-json\/wp\/v2\/pages"}],"about":[{"href":"https:\/\/tasra.info\/fr\/wp-json\/wp\/v2\/types\/page"}],"author":[{"embeddable":true,"href":"https:\/\/tasra.info\/fr\/wp-json\/wp\/v2\/users\/1"}],"replies":[{"embeddable":true,"href":"https:\/\/tasra.info\/fr\/wp-json\/wp\/v2\/comments?post=436"}],"version-history":[{"count":11,"href":"https:\/\/tasra.info\/fr\/wp-json\/wp\/v2\/pages\/436\/revisions"}],"predecessor-version":[{"id":1027,"href":"https:\/\/tasra.info\/fr\/wp-json\/wp\/v2\/pages\/436\/revisions\/1027"}],"wp:attachment":[{"href":"https:\/\/tasra.info\/fr\/wp-json\/wp\/v2\/media?parent=436"}],"curies":[{"name":"wp","href":"https:\/\/api.w.org\/{rel}","templated":true}]}}