{"id":332,"date":"2013-12-17T19:45:33","date_gmt":"2013-12-17T19:45:33","guid":{"rendered":"http:\/\/tasra.info\/?page_id=332"},"modified":"2018-05-26T08:34:41","modified_gmt":"2018-05-26T06:34:41","slug":"startseite","status":"publish","type":"page","link":"https:\/\/tasra.info\/fr\/","title":{"rendered":"Bienvenue"},"content":{"rendered":"<p>Chez nous vous rencontrerez des personnes ouvertes aux nouvelles d\u00e9couvertes<\/p>\n<p>&nbsp;<\/p>\n<div id=\"attachment_823\" style=\"width: 310px\" class=\"wp-caption alignleft\"><img loading=\"lazy\" decoding=\"async\" aria-describedby=\"caption-attachment-823\" class=\"size-medium wp-image-823\" src=\"https:\/\/tasra.info\/fr\/wp-content\/uploads\/sites\/2\/2013\/12\/Imsouane-Auberge-Tasra-Haupteingang-1024x768-300x225.jpg\" alt=\"Auberge Tasra Entr\u00e9e principale\" width=\"300\" height=\"225\" srcset=\"https:\/\/tasra.info\/fr\/wp-content\/uploads\/sites\/2\/2013\/12\/Imsouane-Auberge-Tasra-Haupteingang-1024x768-300x225.jpg 300w, https:\/\/tasra.info\/fr\/wp-content\/uploads\/sites\/2\/2013\/12\/Imsouane-Auberge-Tasra-Haupteingang-1024x768.jpg 1024w\" sizes=\"auto, (max-width: 300px) 100vw, 300px\" \/><p id=\"caption-attachment-823\" class=\"wp-caption-text\">Auberge Tasra Entr\u00e9e principale<\/p><\/div>\n<div id=\"attachment_833\" style=\"width: 310px\" class=\"wp-caption alignright\"><img loading=\"lazy\" decoding=\"async\" aria-describedby=\"caption-attachment-833\" class=\"size-medium wp-image-833\" src=\"https:\/\/tasra.info\/fr\/wp-content\/uploads\/sites\/2\/2013\/12\/Imsouane-Auberge-Tasra-Terrasse-3-1024x768-300x225.jpg\" alt=\"Terrasse dans la cour interieure\" width=\"300\" height=\"225\" srcset=\"https:\/\/tasra.info\/fr\/wp-content\/uploads\/sites\/2\/2013\/12\/Imsouane-Auberge-Tasra-Terrasse-3-1024x768-300x225.jpg 300w, https:\/\/tasra.info\/fr\/wp-content\/uploads\/sites\/2\/2013\/12\/Imsouane-Auberge-Tasra-Terrasse-3-1024x768.jpg 1024w\" sizes=\"auto, (max-width: 300px) 100vw, 300px\" \/><p id=\"caption-attachment-833\" class=\"wp-caption-text\">Terrasse dans la cour interieure<\/p><\/div>\n<p>&nbsp;<\/p>\n<p>&nbsp;<\/p>\n<p>&nbsp;<\/p>\n<p>&nbsp;<\/p>\n<p>&nbsp;<\/p>\n<p>&nbsp;<\/p>\n<p>&nbsp;<\/p>\n<p>L\u2019Auberge Tasra s\u2019\u00e9tend au bord d\u2019Imsouane et est entour\u00e9e d\u2019un grand jardin.<\/p>\n<p>Savourez votre s\u00e9jour dans des chambres individuellement con\u00e7ues pour vous, dans la cour et dans le jardin avec ses petits coins.<\/p>\n<p>D\u00e9gustez des plats orientaux pr\u00e9par\u00e9s frais.<\/p>\n<p>D\u2019ici allez \u00e0 la d\u00e9couverte de la c\u00f4te atlantique, le paysage marocain, la ville d\u2019Essaouira et laissez vous stimuler par les activit\u00e9s qui r\u00e9pondront \u00e0 toutes vos exigences en mati\u00e8re de sport et de d\u00e9tente: surfer, promenade sur la plage, randonn\u00e9es, observer les animaux, photographie, dessiner, activit\u00e9s artistiques dans le paysage.<\/p>\n<p>Nous vous \u00e9paulerons dans vos projets.<\/p>\n<p>&nbsp;<\/p>\n<div id=\"attachment_1102\" style=\"width: 650px\" class=\"wp-caption aligncenter\"><img loading=\"lazy\" decoding=\"async\" aria-describedby=\"caption-attachment-1102\" class=\"wp-image-1102 size-large\" src=\"https:\/\/tasra.info\/fr\/wp-content\/uploads\/sites\/2\/2017\/10\/Auberge-Tasra-Piscine-1024x1024.jpg\" alt=\"Imsouane\" width=\"640\" height=\"640\" srcset=\"https:\/\/tasra.info\/fr\/wp-content\/uploads\/sites\/2\/2017\/10\/Auberge-Tasra-Piscine-1024x1024.jpg 1024w, https:\/\/tasra.info\/fr\/wp-content\/uploads\/sites\/2\/2017\/10\/Auberge-Tasra-Piscine-150x150.jpg 150w, https:\/\/tasra.info\/fr\/wp-content\/uploads\/sites\/2\/2017\/10\/Auberge-Tasra-Piscine-300x300.jpg 300w\" sizes=\"auto, (max-width: 640px) 100vw, 640px\" \/><p id=\"caption-attachment-1102\" class=\"wp-caption-text\">Auberge Tasra Swimming Pool<\/p><\/div>\n","protected":false},"excerpt":{"rendered":"<p>Chez nous vous rencontrerez des personnes ouvertes aux nouvelles d\u00e9couvertes &nbsp; &nbsp; &nbsp; &nbsp; &nbsp; &nbsp; &nbsp; &nbsp; L\u2019Auberge Tasra s\u2019\u00e9tend au bord d\u2019Imsouane et est entour\u00e9e d\u2019un grand jardin. Savourez votre s\u00e9jour dans des chambres individuellement con\u00e7ues pour vous, dans la cour et dans le jardin avec ses petits coins. D\u00e9gustez des plats orientaux [&hellip;]<\/p>\n","protected":false},"author":1,"featured_media":0,"parent":0,"menu_order":0,"comment_status":"closed","ping_status":"closed","template":"","meta":{"footnotes":""},"class_list":["post-332","page","type-page","status-publish","hentry"],"_links":{"self":[{"href":"https:\/\/tasra.info\/fr\/wp-json\/wp\/v2\/pages\/332","targetHints":{"allow":["GET"]}}],"collection":[{"href":"https:\/\/tasra.info\/fr\/wp-json\/wp\/v2\/pages"}],"about":[{"href":"https:\/\/tasra.info\/fr\/wp-json\/wp\/v2\/types\/page"}],"author":[{"embeddable":true,"href":"https:\/\/tasra.info\/fr\/wp-json\/wp\/v2\/users\/1"}],"replies":[{"embeddable":true,"href":"https:\/\/tasra.info\/fr\/wp-json\/wp\/v2\/comments?post=332"}],"version-history":[{"count":9,"href":"https:\/\/tasra.info\/fr\/wp-json\/wp\/v2\/pages\/332\/revisions"}],"predecessor-version":[{"id":1107,"href":"https:\/\/tasra.info\/fr\/wp-json\/wp\/v2\/pages\/332\/revisions\/1107"}],"wp:attachment":[{"href":"https:\/\/tasra.info\/fr\/wp-json\/wp\/v2\/media?parent=332"}],"curies":[{"name":"wp","href":"https:\/\/api.w.org\/{rel}","templated":true}]}}