{"id":217,"date":"2013-12-14T17:28:15","date_gmt":"2013-12-14T15:28:15","guid":{"rendered":"http:\/\/localhost\/wordpress\/?page_id=217"},"modified":"2014-08-10T18:35:23","modified_gmt":"2014-08-10T16:35:23","slug":"essaouira","status":"publish","type":"page","link":"https:\/\/tasra.info\/fr\/essaouira\/","title":{"rendered":"Essaouira"},"content":{"rendered":"<p>Excursion \u00e0 Essaouira<\/p>\n<p>&nbsp;<\/p>\n<p>Essaouira p\u00e9tille de vie. A 95 km d\u2019Imsouane, il y r\u00e8gne toujours une animation multicolore. Au port marqu\u00e9 historiquement comme dans les innombrables caf\u00e9s, boutiques de souvenirs et restaurants.<\/p>\n<p>En dessous de la magnifique forteresse qui date du 16\u00e8me jusqu\u2019au 17\u00e8me si\u00e8cle s\u2019\u00e9tend la ville historiquement marqu\u00e9 par un plan sym\u00e9trique tr\u00e8s atypique au Maroc.<\/p>\n<p>En 1991 Essaouira fut d\u00e9clar\u00e9 comme patrimoine mondial par l\u00b4UNESCO.<\/p>\n<p>Dans le Mus\u00e9e Sidi Mohamed Ben Abdallah vous pouvez visiter une riche collection de pi\u00e8ces, d\u2019habits, de bijoux et d\u2019artisanat.<\/p>\n<p>Vous y trouverez aussi des informations d\u00e9taill\u00e9es sur l\u2019histoire de la ville et de son environnement.<\/p>\n<p>Apprenez \u00e0 connaitre et \u00e0 appr\u00e9cier les lieux et les hommes dans une atmosph\u00e8re fascinante.<\/p>\n<p>[metaslider id=767]<\/p>\n<p><b>\u00a0<\/b><\/p>\n","protected":false},"excerpt":{"rendered":"<p>Excursion \u00e0 Essaouira &nbsp; Essaouira p\u00e9tille de vie. A 95 km d\u2019Imsouane, il y r\u00e8gne toujours une animation multicolore. Au port marqu\u00e9 historiquement comme dans les innombrables caf\u00e9s, boutiques de souvenirs et restaurants. En dessous de la magnifique forteresse qui date du 16\u00e8me jusqu\u2019au 17\u00e8me si\u00e8cle s\u2019\u00e9tend la ville historiquement marqu\u00e9 par un plan sym\u00e9trique [&hellip;]<\/p>\n","protected":false},"author":1,"featured_media":0,"parent":0,"menu_order":0,"comment_status":"closed","ping_status":"closed","template":"","meta":{"footnotes":""},"class_list":["post-217","page","type-page","status-publish","hentry"],"_links":{"self":[{"href":"https:\/\/tasra.info\/fr\/wp-json\/wp\/v2\/pages\/217","targetHints":{"allow":["GET"]}}],"collection":[{"href":"https:\/\/tasra.info\/fr\/wp-json\/wp\/v2\/pages"}],"about":[{"href":"https:\/\/tasra.info\/fr\/wp-json\/wp\/v2\/types\/page"}],"author":[{"embeddable":true,"href":"https:\/\/tasra.info\/fr\/wp-json\/wp\/v2\/users\/1"}],"replies":[{"embeddable":true,"href":"https:\/\/tasra.info\/fr\/wp-json\/wp\/v2\/comments?post=217"}],"version-history":[{"count":3,"href":"https:\/\/tasra.info\/fr\/wp-json\/wp\/v2\/pages\/217\/revisions"}],"predecessor-version":[{"id":768,"href":"https:\/\/tasra.info\/fr\/wp-json\/wp\/v2\/pages\/217\/revisions\/768"}],"wp:attachment":[{"href":"https:\/\/tasra.info\/fr\/wp-json\/wp\/v2\/media?parent=217"}],"curies":[{"name":"wp","href":"https:\/\/api.w.org\/{rel}","templated":true}]}}