{"id":21,"date":"2013-12-08T13:27:54","date_gmt":"2013-12-08T11:27:54","guid":{"rendered":"http:\/\/localhost\/wordpress\/?page_id=21"},"modified":"2015-01-24T12:45:43","modified_gmt":"2015-01-24T10:45:43","slug":"arrivee","status":"publish","type":"page","link":"https:\/\/tasra.info\/fr\/arrivee\/","title":{"rendered":"Arriv\u00e9e"},"content":{"rendered":"<h1><\/h1>\n<p>&nbsp;<\/p>\n<p>De l&#8217;a\u00e9roport d&#8217;Agadir vous atteindrez l&#8217;Auberge Tasra apr\u00e8s deux heures de route (environ 115 km) \u00e0 travers le charmant paysage c\u00f4tier du Maroc.<\/p>\n<p>L&#8217;a\u00e9roport d&#8216; Essaouira n&#8217;est qu&#8217;\u00e0 90 km mais n&#8217;est exploit\u00e9 que par peu de compagnies a\u00e9riennes.<\/p>\n<p>Imsouane se situe entre Agadir au sud et Essaouira au nord sur la c\u00f4te atlantique.<\/p>\n<p>&nbsp;<\/p>\n<h2>Avec v\u00e9hicule de location<\/h2>\n<p>&nbsp;<\/p>\n<p>Par la route c\u00f4ti\u00e8re, il y a deux possibilit\u00e9s d&#8217;atteindre Imsouane.<\/p>\n<p>Venant d&#8217;Essaouira, au km 84, il y a une bifurcation l&#8217;ancienne route riche en virages. L&#8217;ancienne route serpente \u00e9troitement les montagnes et offre une vue impressionnante sur la mer. Apr\u00e8s 13 km vous atteignez l&#8217;Auberge Tasra sur le flanc est d&#8217;Imsouane.<\/p>\n<div id=\"attachment_814\" style=\"width: 4010px\" class=\"wp-caption aligncenter\"><img loading=\"lazy\" decoding=\"async\" aria-describedby=\"caption-attachment-814\" class=\"wp-image-814 size-full\" src=\"https:\/\/tasra.info\/fr\/wp-content\/uploads\/sites\/2\/2013\/12\/Imsouane-Auberge-Tasra-1.jpg\" alt=\"Imsouane-Auberge-Tasra-1\" width=\"4000\" height=\"3000\" srcset=\"https:\/\/tasra.info\/fr\/wp-content\/uploads\/sites\/2\/2013\/12\/Imsouane-Auberge-Tasra-1.jpg 4000w, https:\/\/tasra.info\/fr\/wp-content\/uploads\/sites\/2\/2013\/12\/Imsouane-Auberge-Tasra-1-300x225.jpg 300w, https:\/\/tasra.info\/fr\/wp-content\/uploads\/sites\/2\/2013\/12\/Imsouane-Auberge-Tasra-1-1024x768.jpg 1024w\" sizes=\"auto, (max-width: 4000px) 100vw, 4000px\" \/><p id=\"caption-attachment-814\" class=\"wp-caption-text\">Auberge Tasra venant d&#8217;Essaouira<\/p><\/div>\n<p>&nbsp;<\/p>\n<p>Si vous souhaitez prendre d&#8217;autres chemins plus rapide vers Imsouane, veuillez entrer les coordonn\u00e9es GPS suivantes:<\/p>\n<p>&gt;30.8441-9.763891&lt;<\/p>\n<p>Cette nouvelle route n&#8217;a qu&#8217;une longueur de 8 km et offre un point de vue au dessus de la baie, avec un regard sur notre village de p\u00eache Imsouane. D&#8217;Agadir c&#8217;est la premi\u00e8re bifurcation \u00e0\u00a0 gauche, d&#8217;Essaouira la deuxi\u00e8me possibilit\u00e9\u00a0 de tourner \u00e0 droite apr\u00e8s Imsouane.<\/p>\n<div id=\"attachment_839\" style=\"width: 1034px\" class=\"wp-caption alignnone\"><img loading=\"lazy\" decoding=\"async\" aria-describedby=\"caption-attachment-839\" class=\"wp-image-839 size-full\" src=\"https:\/\/tasra.info\/fr\/wp-content\/uploads\/sites\/2\/2013\/12\/Imsouane-vom-Aussichtspunkt-gesehen-1024x768.jpg\" alt=\"Imsouane    venant  d'Agadir\" width=\"1024\" height=\"768\" srcset=\"https:\/\/tasra.info\/fr\/wp-content\/uploads\/sites\/2\/2013\/12\/Imsouane-vom-Aussichtspunkt-gesehen-1024x768.jpg 1024w, https:\/\/tasra.info\/fr\/wp-content\/uploads\/sites\/2\/2013\/12\/Imsouane-vom-Aussichtspunkt-gesehen-1024x768-300x225.jpg 300w\" sizes=\"auto, (max-width: 1024px) 100vw, 1024px\" \/><p id=\"caption-attachment-839\" class=\"wp-caption-text\">Imsouane Point de vue au dessus de la baie<\/p><\/div>\n<p>&nbsp;<\/p>\n<p>&nbsp;<\/p>\n<h2>Transfert d&#8217;a\u00e9roport<\/h2>\n<p>Nous proposons un transfert d&#8217;a\u00e9roport d&#8217;Agadir \u00e0 Imsouane au prix de 600 DH. Tenez nous au courant.<\/p>\n<p>&nbsp;<\/p>\n<h2>Taxi<\/h2>\n<p>Le d\u00e9placement en taxi de l&#8217;a\u00e9roport d&#8217;Agadir dure 1,5 jusqu&#8217;\u00e0 2 heures et co\u00fbte 600DH.<\/p>\n<p>&nbsp;<\/p>\n<p style=\"text-align: center;\"><a href=\"https:\/\/maps.google.de\/maps?expflags=enable_star_based_justifications:true&amp;ie=UTF8&amp;cid=18169911248463385554&amp;q=Auberge+Tasra&amp;iwloc=A&amp;gl=DE&amp;hl=de\" target=\"_blank\">\u00a0<\/a><\/p>\n<p style=\"text-align: center;\">\n","protected":false},"excerpt":{"rendered":"<p>&nbsp; De l&#8217;a\u00e9roport d&#8217;Agadir vous atteindrez l&#8217;Auberge Tasra apr\u00e8s deux heures de route (environ 115 km) \u00e0 travers le charmant paysage c\u00f4tier du Maroc. L&#8217;a\u00e9roport d&#8216; Essaouira n&#8217;est qu&#8217;\u00e0 90 km mais n&#8217;est exploit\u00e9 que par peu de compagnies a\u00e9riennes. Imsouane se situe entre Agadir au sud et Essaouira au nord sur la c\u00f4te atlantique. [&hellip;]<\/p>\n","protected":false},"author":1,"featured_media":0,"parent":0,"menu_order":0,"comment_status":"closed","ping_status":"closed","template":"","meta":{"footnotes":""},"class_list":["post-21","page","type-page","status-publish","hentry"],"_links":{"self":[{"href":"https:\/\/tasra.info\/fr\/wp-json\/wp\/v2\/pages\/21","targetHints":{"allow":["GET"]}}],"collection":[{"href":"https:\/\/tasra.info\/fr\/wp-json\/wp\/v2\/pages"}],"about":[{"href":"https:\/\/tasra.info\/fr\/wp-json\/wp\/v2\/types\/page"}],"author":[{"embeddable":true,"href":"https:\/\/tasra.info\/fr\/wp-json\/wp\/v2\/users\/1"}],"replies":[{"embeddable":true,"href":"https:\/\/tasra.info\/fr\/wp-json\/wp\/v2\/comments?post=21"}],"version-history":[{"count":9,"href":"https:\/\/tasra.info\/fr\/wp-json\/wp\/v2\/pages\/21\/revisions"}],"predecessor-version":[{"id":1019,"href":"https:\/\/tasra.info\/fr\/wp-json\/wp\/v2\/pages\/21\/revisions\/1019"}],"wp:attachment":[{"href":"https:\/\/tasra.info\/fr\/wp-json\/wp\/v2\/media?parent=21"}],"curies":[{"name":"wp","href":"https:\/\/api.w.org\/{rel}","templated":true}]}}