{"id":19,"date":"2013-12-08T13:27:54","date_gmt":"2013-12-08T11:27:54","guid":{"rendered":"http:\/\/localhost\/wordpress\/?page_id=19"},"modified":"2015-01-27T10:38:12","modified_gmt":"2015-01-27T08:38:12","slug":"excursions","status":"publish","type":"page","link":"https:\/\/tasra.info\/fr\/excursions\/","title":{"rendered":"Excursions"},"content":{"rendered":"<h2 align=\"LEFT\"><span style=\"color: #6d3b37;\">Coop\u00e9rative de femmes<\/span><\/h2>\n<p><span style=\"color: #6d3b37;\">\u00a0<\/span><\/p>\n<p><span style=\"color: #6d3b37;\">Le long de la route principale en direction d\u00b4Essaouira, si\u00e8gent plusieurs coop\u00e9ratives de femmes qui travaillent la c\u00e9l\u00e8bre huile d\u2019Argan.<\/span><\/p>\n<p><span style=\"color: #6d3b37;\">Ici vous pourrez vous informer sur les diff\u00e9rentes \u00e9tapes de la production et acheter sur place ce produit extraordinaire et naturel utilis\u00e9 en cosm\u00e9tique et dans la cuisine.<\/span><img decoding=\"async\" class=\"alignleft size-full wp-image-959\" src=\"https:\/\/tasra.info\/fr\/wp-content\/uploads\/sites\/2\/2014\/11\/Argane-Cooperative.jpg\" alt=\"Argane Cooperative\" width=\"100%\" srcset=\"https:\/\/tasra.info\/fr\/wp-content\/uploads\/sites\/2\/2014\/11\/Argane-Cooperative.jpg 1600w, https:\/\/tasra.info\/fr\/wp-content\/uploads\/sites\/2\/2014\/11\/Argane-Cooperative-300x225.jpg 300w, https:\/\/tasra.info\/fr\/wp-content\/uploads\/sites\/2\/2014\/11\/Argane-Cooperative-1024x768.jpg 1024w\" sizes=\"(max-width: 1600px) 100vw, 1600px\" \/><\/p>\n<p>&nbsp;<\/p>\n<h2><span style=\"color: #2e3047;\">Barrage<\/span><\/h2>\n<p><span style=\"color: #2e3047;\">\u00a0<\/span><\/p>\n<p><span style=\"color: #2e3047;\">Les randonn\u00e9es vers le barrage Moulay Abdallah situ\u00e9 \u00e1 25 km m\u00e8nent vers une oasis du silence.<\/span><\/p>\n<p><span style=\"color: #2e3047;\">Au milieu du relief de montagnes accident\u00e9 entour\u00e9s d\u00b4arganiers, repose le profond lac. De ce point de vue s\u2019\u00e9vade le regard loin au-del\u00e0 de la terre. Marqu\u00e9 par les couleurs et l\u2019\u00e9nergie.<\/span><\/p>\n<p><span style=\"color: #17192e;\">\u00a0<\/span><\/p>\n<p>&nbsp;<\/p>\n<h2><span style=\"color: #323723;\">March\u00e9s dans les r\u00e9gions voisines de Tamanar et Tamri<\/span><\/h2>\n<p>&nbsp;<\/p>\n<div id=\"attachment_1044\" style=\"width: 310px\" class=\"wp-caption alignleft\"><img loading=\"lazy\" decoding=\"async\" aria-describedby=\"caption-attachment-1044\" class=\"size-medium wp-image-1044\" src=\"https:\/\/tasra.info\/fr\/wp-content\/uploads\/sites\/2\/2015\/01\/Tamanar-300x225.jpg\" alt=\"Tamanar\" width=\"300\" height=\"225\" srcset=\"https:\/\/tasra.info\/fr\/wp-content\/uploads\/sites\/2\/2015\/01\/Tamanar-300x225.jpg 300w, https:\/\/tasra.info\/fr\/wp-content\/uploads\/sites\/2\/2015\/01\/Tamanar-1024x768.jpg 1024w, https:\/\/tasra.info\/fr\/wp-content\/uploads\/sites\/2\/2015\/01\/Tamanar.jpg 1583w\" sizes=\"auto, (max-width: 300px) 100vw, 300px\" \/><p id=\"caption-attachment-1044\" class=\"wp-caption-text\">Tamanar March\u00e9<\/p><\/div>\n<div id=\"attachment_1043\" style=\"width: 310px\" class=\"wp-caption alignright\"><img loading=\"lazy\" decoding=\"async\" aria-describedby=\"caption-attachment-1043\" class=\"size-medium wp-image-1043\" src=\"https:\/\/tasra.info\/fr\/wp-content\/uploads\/sites\/2\/2015\/01\/Tamanar-Souk-300x225.jpg\" alt=\"Tamanar\" width=\"300\" height=\"225\" srcset=\"https:\/\/tasra.info\/fr\/wp-content\/uploads\/sites\/2\/2015\/01\/Tamanar-Souk-300x225.jpg 300w, https:\/\/tasra.info\/fr\/wp-content\/uploads\/sites\/2\/2015\/01\/Tamanar-Souk-1024x768.jpg 1024w\" sizes=\"auto, (max-width: 300px) 100vw, 300px\" \/><p id=\"caption-attachment-1043\" class=\"wp-caption-text\">Tamanar<\/p><\/div>\n<p>&nbsp;<\/p>\n<p>&nbsp;<\/p>\n<p>&nbsp;<\/p>\n<p>&nbsp;<\/p>\n<p>&nbsp;<\/p>\n<p>&nbsp;<\/p>\n<p>&nbsp;<\/p>\n<p><span style=\"color: #323723;\">Vivez l\u00b4atmosph\u00e8re de march\u00e9s authentiques dans les souks indig\u00e8nes:<\/span><\/p>\n<p><span style=\"color: #323723;\">Chaque dimanche \u00e1 Tamanar, \u00e1 environ 35 km en direction d\u2019Essaouira<\/span><\/p>\n<p><span style=\"color: #323723;\">Chaque lundi \u00e0 Tamri \u00e0 environ 40 km en direction d\u2019Agadir<\/span><\/p>\n<p><img decoding=\"async\" class=\"alignright size-full wp-image-962\" src=\"https:\/\/tasra.info\/fr\/wp-content\/uploads\/sites\/2\/2014\/11\/goats-argantree-imsouane.jpg\" alt=\"goats argantree imsouane\" width=\"100%\" srcset=\"https:\/\/tasra.info\/fr\/wp-content\/uploads\/sites\/2\/2014\/11\/goats-argantree-imsouane.jpg 1600w, https:\/\/tasra.info\/fr\/wp-content\/uploads\/sites\/2\/2014\/11\/goats-argantree-imsouane-300x225.jpg 300w, https:\/\/tasra.info\/fr\/wp-content\/uploads\/sites\/2\/2014\/11\/goats-argantree-imsouane-1024x768.jpg 1024w\" sizes=\"(max-width: 1600px) 100vw, 1600px\" \/><\/p>\n","protected":false},"excerpt":{"rendered":"<p>Coop\u00e9rative de femmes \u00a0 Le long de la route principale en direction d\u00b4Essaouira, si\u00e8gent plusieurs coop\u00e9ratives de femmes qui travaillent la c\u00e9l\u00e8bre huile d\u2019Argan. Ici vous pourrez vous informer sur les diff\u00e9rentes \u00e9tapes de la production et acheter sur place ce produit extraordinaire et naturel utilis\u00e9 en cosm\u00e9tique et dans la cuisine. &nbsp; Barrage \u00a0 [&hellip;]<\/p>\n","protected":false},"author":1,"featured_media":0,"parent":0,"menu_order":0,"comment_status":"closed","ping_status":"closed","template":"","meta":{"footnotes":""},"class_list":["post-19","page","type-page","status-publish","hentry"],"_links":{"self":[{"href":"https:\/\/tasra.info\/fr\/wp-json\/wp\/v2\/pages\/19","targetHints":{"allow":["GET"]}}],"collection":[{"href":"https:\/\/tasra.info\/fr\/wp-json\/wp\/v2\/pages"}],"about":[{"href":"https:\/\/tasra.info\/fr\/wp-json\/wp\/v2\/types\/page"}],"author":[{"embeddable":true,"href":"https:\/\/tasra.info\/fr\/wp-json\/wp\/v2\/users\/1"}],"replies":[{"embeddable":true,"href":"https:\/\/tasra.info\/fr\/wp-json\/wp\/v2\/comments?post=19"}],"version-history":[{"count":29,"href":"https:\/\/tasra.info\/fr\/wp-json\/wp\/v2\/pages\/19\/revisions"}],"predecessor-version":[{"id":1080,"href":"https:\/\/tasra.info\/fr\/wp-json\/wp\/v2\/pages\/19\/revisions\/1080"}],"wp:attachment":[{"href":"https:\/\/tasra.info\/fr\/wp-json\/wp\/v2\/media?parent=19"}],"curies":[{"name":"wp","href":"https:\/\/api.w.org\/{rel}","templated":true}]}}