{"id":15,"date":"2013-12-08T13:27:54","date_gmt":"2013-12-08T11:27:54","guid":{"rendered":"http:\/\/localhost\/wordpress\/?page_id=15"},"modified":"2015-01-26T09:16:58","modified_gmt":"2015-01-26T07:16:58","slug":"galerie","status":"publish","type":"page","link":"https:\/\/tasra.info\/fr\/galerie\/","title":{"rendered":"Galerie"},"content":{"rendered":"<p>&nbsp;<\/p>\n<p><img decoding=\"async\" class=\"size-full wp-image-845\" src=\"https:\/\/tasra.info\/fr\/wp-content\/uploads\/sites\/2\/2013\/12\/P1000300-25.jpg\" alt=\"Auberge Tasra   La coupole octogonale \" width=\"100%\" srcset=\"https:\/\/tasra.info\/fr\/wp-content\/uploads\/sites\/2\/2013\/12\/P1000300-25.jpg 4000w, https:\/\/tasra.info\/fr\/wp-content\/uploads\/sites\/2\/2013\/12\/P1000300-25-300x225.jpg 300w, https:\/\/tasra.info\/fr\/wp-content\/uploads\/sites\/2\/2013\/12\/P1000300-25-1024x768.jpg 1024w\" sizes=\"(max-width: 4000px) 100vw, 4000px\" \/><\/p>\n<p>&nbsp;<\/p>\n<p>&nbsp;<\/p>\n<p>L&#8216; Auberge Tasra beneficie aussi d&#8217;une magnifique salle octogonale<\/p>\n<p>pouvant accueillir plus de vingt personnes .<\/p>\n<p>Espace envoutant en forme de dome.<\/p>\n<p>Vous serez combl\u00e9, si vous r\u00e9vez d&#8217;un endroit tr\u00e9s lumineux \u00e0 l&#8217;acoustique excellente.<\/p>\n<p>&nbsp;<\/p>\n<ul>\n<li><a title=\"Auberge Tasra Chambres\" href=\"https:\/\/tasra.info\/fr\/auberge-tasra-chambres\/\">Auberge Tasra chambres<\/a><\/li>\n<li><a title=\"Auberge Tasra Jardin\" href=\"https:\/\/tasra.info\/fr\/auberge-tasra-jardin\/\">Auberge Tasra jardin<\/a><\/li>\n<li><a title=\"Auberge Tasra  Restaurant\" href=\"https:\/\/tasra.info\/fr\/auberge-tasra-restaurant\/\">Auberge Tasra restaurant<\/a><\/li>\n<li><a title=\"Environnement\" href=\"https:\/\/tasra.info\/fr\/environnement\/\">Environnement<\/a><\/li>\n<li><a title=\"Vid\u00e9o\" href=\"https:\/\/tasra.info\/fr\/video\/\">Vid\u00e9o<\/a><\/li>\n<\/ul>\n<p><img decoding=\"async\" class=\"aligncenter size-full wp-image-1029\" src=\"https:\/\/tasra.info\/fr\/wp-content\/uploads\/sites\/2\/2013\/12\/Auberge-Tasra-Imsouane-Paon.jpg\" alt=\"Auberge Tasra Imsouane Paon\" width=\"100%\" srcset=\"https:\/\/tasra.info\/fr\/wp-content\/uploads\/sites\/2\/2013\/12\/Auberge-Tasra-Imsouane-Paon.jpg 4000w, https:\/\/tasra.info\/fr\/wp-content\/uploads\/sites\/2\/2013\/12\/Auberge-Tasra-Imsouane-Paon-300x225.jpg 300w, https:\/\/tasra.info\/fr\/wp-content\/uploads\/sites\/2\/2013\/12\/Auberge-Tasra-Imsouane-Paon-1024x768.jpg 1024w\" sizes=\"(max-width: 4000px) 100vw, 4000px\" \/><\/p>\n","protected":false},"excerpt":{"rendered":"<p>&nbsp; &nbsp; &nbsp; L&#8216; Auberge Tasra beneficie aussi d&#8217;une magnifique salle octogonale pouvant accueillir plus de vingt personnes . Espace envoutant en forme de dome. Vous serez combl\u00e9, si vous r\u00e9vez d&#8217;un endroit tr\u00e9s lumineux \u00e0 l&#8217;acoustique excellente. &nbsp; Auberge Tasra chambres Auberge Tasra jardin Auberge Tasra restaurant Environnement Vid\u00e9o<\/p>\n","protected":false},"author":1,"featured_media":0,"parent":0,"menu_order":0,"comment_status":"closed","ping_status":"closed","template":"","meta":{"footnotes":""},"class_list":["post-15","page","type-page","status-publish","hentry"],"_links":{"self":[{"href":"https:\/\/tasra.info\/fr\/wp-json\/wp\/v2\/pages\/15","targetHints":{"allow":["GET"]}}],"collection":[{"href":"https:\/\/tasra.info\/fr\/wp-json\/wp\/v2\/pages"}],"about":[{"href":"https:\/\/tasra.info\/fr\/wp-json\/wp\/v2\/types\/page"}],"author":[{"embeddable":true,"href":"https:\/\/tasra.info\/fr\/wp-json\/wp\/v2\/users\/1"}],"replies":[{"embeddable":true,"href":"https:\/\/tasra.info\/fr\/wp-json\/wp\/v2\/comments?post=15"}],"version-history":[{"count":10,"href":"https:\/\/tasra.info\/fr\/wp-json\/wp\/v2\/pages\/15\/revisions"}],"predecessor-version":[{"id":1062,"href":"https:\/\/tasra.info\/fr\/wp-json\/wp\/v2\/pages\/15\/revisions\/1062"}],"wp:attachment":[{"href":"https:\/\/tasra.info\/fr\/wp-json\/wp\/v2\/media?parent=15"}],"curies":[{"name":"wp","href":"https:\/\/api.w.org\/{rel}","templated":true}]}}