{"id":13,"date":"2013-12-08T13:27:54","date_gmt":"2013-12-08T11:27:54","guid":{"rendered":"http:\/\/localhost\/wordpress\/?page_id=13"},"modified":"2015-01-24T12:58:15","modified_gmt":"2015-01-24T10:58:15","slug":"sport-et-activites","status":"publish","type":"page","link":"https:\/\/tasra.info\/fr\/sport-et-activites\/","title":{"rendered":"Sport et activit\u00e9s"},"content":{"rendered":"<h4>Surfer les vagues<\/h4>\n<p>La mer avec ses vagues agit\u00e9es n\u2019est qu\u00b4\u00e0 10 minutes \u00e0 pieds de l\u2019auberge. Aussi bien les d\u00e9butant que les confirm\u00e9s ont la possibilit\u00e9 de vivre la mer de tr\u00e8s pr\u00e9s.<\/p>\n<p>&nbsp;<\/p>\n<h4>Surf-Spots<\/h4>\n<p>L\u2019un des Surf spots se trouve dans la baie sablonneuse (Ars-Dis) qui est ouverte vers le sud et o\u00f9 les vagues d\u00e9ferlent sur une distance de 500 m\u00e8tres.<\/p>\n<p>Le second Spot se trouve directement en dessous de l\u2019\u00e9cole de Surf Planet-Surf-Morocco \u00e1 l\u2019Ouest.<\/p>\n<p><img decoding=\"async\" class=\"alignleft size-full wp-image-779\" src=\"https:\/\/tasra.info\/fr\/wp-content\/uploads\/sites\/2\/2013\/12\/Auberge-Tasra-Imsouane-Cathedrale-Angeln-1024x768.jpg\" alt=\"Auberge-Tasra-Imsouane-Cathedrale-Angeln-1024x768\" width=\"100%\" srcset=\"https:\/\/tasra.info\/fr\/wp-content\/uploads\/sites\/2\/2013\/12\/Auberge-Tasra-Imsouane-Cathedrale-Angeln-1024x768.jpg 1024w, https:\/\/tasra.info\/fr\/wp-content\/uploads\/sites\/2\/2013\/12\/Auberge-Tasra-Imsouane-Cathedrale-Angeln-1024x768-300x225.jpg 300w\" sizes=\"(max-width: 1024px) 100vw, 1024px\" \/><\/p>\n","protected":false},"excerpt":{"rendered":"<p>Surfer les vagues La mer avec ses vagues agit\u00e9es n\u2019est qu\u00b4\u00e0 10 minutes \u00e0 pieds de l\u2019auberge. Aussi bien les d\u00e9butant que les confirm\u00e9s ont la possibilit\u00e9 de vivre la mer de tr\u00e8s pr\u00e9s. &nbsp; Surf-Spots L\u2019un des Surf spots se trouve dans la baie sablonneuse (Ars-Dis) qui est ouverte vers le sud et o\u00f9 [&hellip;]<\/p>\n","protected":false},"author":1,"featured_media":0,"parent":0,"menu_order":0,"comment_status":"closed","ping_status":"closed","template":"","meta":{"footnotes":""},"class_list":["post-13","page","type-page","status-publish","hentry"],"_links":{"self":[{"href":"https:\/\/tasra.info\/fr\/wp-json\/wp\/v2\/pages\/13","targetHints":{"allow":["GET"]}}],"collection":[{"href":"https:\/\/tasra.info\/fr\/wp-json\/wp\/v2\/pages"}],"about":[{"href":"https:\/\/tasra.info\/fr\/wp-json\/wp\/v2\/types\/page"}],"author":[{"embeddable":true,"href":"https:\/\/tasra.info\/fr\/wp-json\/wp\/v2\/users\/1"}],"replies":[{"embeddable":true,"href":"https:\/\/tasra.info\/fr\/wp-json\/wp\/v2\/comments?post=13"}],"version-history":[{"count":5,"href":"https:\/\/tasra.info\/fr\/wp-json\/wp\/v2\/pages\/13\/revisions"}],"predecessor-version":[{"id":955,"href":"https:\/\/tasra.info\/fr\/wp-json\/wp\/v2\/pages\/13\/revisions\/955"}],"wp:attachment":[{"href":"https:\/\/tasra.info\/fr\/wp-json\/wp\/v2\/media?parent=13"}],"curies":[{"name":"wp","href":"https:\/\/api.w.org\/{rel}","templated":true}]}}