{"id":11,"date":"2013-12-08T13:27:54","date_gmt":"2013-12-08T11:27:54","guid":{"rendered":"http:\/\/localhost\/wordpress\/?page_id=11"},"modified":"2015-01-31T22:33:02","modified_gmt":"2015-01-31T20:33:02","slug":"manger-et-boire","status":"publish","type":"page","link":"https:\/\/tasra.info\/fr\/manger-et-boire\/","title":{"rendered":"Manger et boire"},"content":{"rendered":"<h2><a title=\"Petit d\u00e9jeuner-Boissons fra\u00eeches &amp; chaudes\" href=\"https:\/\/tasra.info\/fr\/petit-dejeuner-boissons-fraiches-chaudes\/\">Choisissez votre petit dejeuner<\/a><\/h2>\n<h2>\u00a0<img decoding=\"async\" class=\"aligncenter size-full wp-image-807\" src=\"https:\/\/tasra.info\/fr\/wp-content\/uploads\/sites\/2\/2013\/12\/Breakfast-Auberge-Tasra.jpg\" alt=\"Breakfast-Auberge-Tasra\" width=\"100%\" srcset=\"https:\/\/tasra.info\/fr\/wp-content\/uploads\/sites\/2\/2013\/12\/Breakfast-Auberge-Tasra.jpg 4000w, https:\/\/tasra.info\/fr\/wp-content\/uploads\/sites\/2\/2013\/12\/Breakfast-Auberge-Tasra-300x225.jpg 300w, https:\/\/tasra.info\/fr\/wp-content\/uploads\/sites\/2\/2013\/12\/Breakfast-Auberge-Tasra-1024x768.jpg 1024w\" sizes=\"(max-width: 4000px) 100vw, 4000px\" \/><\/h2>\n<h2><\/h2>\n<p>&nbsp;<\/p>\n<h2><a title=\"D\u00e9jeuner et d\u00eener\" href=\"https:\/\/tasra.info\/fr\/dejeuner-et-diner\/\">Tous les plats sur notre carte sont cuisin\u00e9s frais avec des produits frais et de saison.<\/a><\/h2>\n<p>&nbsp;<\/p>\n<p>Si vous souhaitez manger \u00e0 l\u2019auberge, nous nous r\u00e9jouirons si vous vous inscrivez au pr\u00e9alable.<\/p>\n<p>Les sp\u00e9cialit\u00e9s typiques du pays cuisent d\u00e9licatement dans une Tagine, un r\u00e9cipient en argile cuite avec couvercle.<\/p>\n<p>Les l\u00e9gumes utilis\u00e9s proviennent g\u00e9n\u00e9ralement de la r\u00e9gion et peuvent varier selon la saison.<\/p>\n<p>&nbsp;<\/p>\n<p><a href=\"http:\/\/tasra.info\/?page_id=239\"><img loading=\"lazy\" decoding=\"async\" class=\" size-medium wp-image-860 alignright\" src=\"https:\/\/tasra.info\/fr\/wp-content\/uploads\/sites\/2\/2013\/12\/seafood-Auberge-Tasra-300x200.jpg\" alt=\"seafood-Auberge-Tasra\" width=\"300\" height=\"200\" srcset=\"https:\/\/tasra.info\/fr\/wp-content\/uploads\/sites\/2\/2013\/12\/seafood-Auberge-Tasra-300x200.jpg 300w, https:\/\/tasra.info\/fr\/wp-content\/uploads\/sites\/2\/2013\/12\/seafood-Auberge-Tasra-1024x682.jpg 1024w, https:\/\/tasra.info\/fr\/wp-content\/uploads\/sites\/2\/2013\/12\/seafood-Auberge-Tasra.jpg 1920w\" sizes=\"auto, (max-width: 300px) 100vw, 300px\" \/><\/a><a title=\"Manger et boire\" href=\"https:\/\/tasra.info\/fr\/manger-et-boire\/\"><img loading=\"lazy\" decoding=\"async\" class=\"alignleft size-medium wp-image-1085\" src=\"https:\/\/tasra.info\/fr\/wp-content\/uploads\/sites\/2\/2015\/01\/morocco-325324_1280-300x200.jpg\" alt=\"Tagine\" width=\"300\" height=\"200\" srcset=\"https:\/\/tasra.info\/fr\/wp-content\/uploads\/sites\/2\/2015\/01\/morocco-325324_1280-300x200.jpg 300w, https:\/\/tasra.info\/fr\/wp-content\/uploads\/sites\/2\/2015\/01\/morocco-325324_1280-1024x683.jpg 1024w, https:\/\/tasra.info\/fr\/wp-content\/uploads\/sites\/2\/2015\/01\/morocco-325324_1280.jpg 1280w\" sizes=\"auto, (max-width: 300px) 100vw, 300px\" \/><\/a><\/p>\n<p>&nbsp;<\/p>\n<p>&nbsp;<\/p>\n<p>&nbsp;<\/p>\n<p>&nbsp;<\/p>\n<p>&nbsp;<\/p>\n<p>&nbsp;<\/p>\n<p>Si vous \u00eates v\u00e9g\u00e9tarien, v\u00e9ganiste ou \u00eates allergique, nous nous adapterons \u00e0 vos souhaits personnels.<\/p>\n<p>Parlez nous en: Accompagnez nous au march\u00e9 (Souk) et choisissez-vous m\u00eame les l\u00e9gumes de saison.<\/p>\n<h2><a title=\"Boissons alcoolis\u00e9es\" href=\"https:\/\/tasra.info\/fr\/boissons-alcoolisees\/\">Les repas peuvent \u00eatre accompagn\u00e9s de boissons alcoolis\u00e9es.<\/a><\/h2>\n<p>&nbsp;<\/p>\n<p>&nbsp;<\/p>\n<p>&nbsp;<\/p>\n<p>&nbsp;<\/p>\n<p>&nbsp;<\/p>\n<p>&nbsp;<\/p>\n<p>&nbsp;<\/p>\n","protected":false},"excerpt":{"rendered":"<p>Choisissez votre petit dejeuner \u00a0 &nbsp; Tous les plats sur notre carte sont cuisin\u00e9s frais avec des produits frais et de saison. &nbsp; Si vous souhaitez manger \u00e0 l\u2019auberge, nous nous r\u00e9jouirons si vous vous inscrivez au pr\u00e9alable. Les sp\u00e9cialit\u00e9s typiques du pays cuisent d\u00e9licatement dans une Tagine, un r\u00e9cipient en argile cuite avec couvercle. [&hellip;]<\/p>\n","protected":false},"author":1,"featured_media":0,"parent":0,"menu_order":0,"comment_status":"closed","ping_status":"closed","template":"","meta":{"footnotes":""},"class_list":["post-11","page","type-page","status-publish","hentry"],"_links":{"self":[{"href":"https:\/\/tasra.info\/fr\/wp-json\/wp\/v2\/pages\/11","targetHints":{"allow":["GET"]}}],"collection":[{"href":"https:\/\/tasra.info\/fr\/wp-json\/wp\/v2\/pages"}],"about":[{"href":"https:\/\/tasra.info\/fr\/wp-json\/wp\/v2\/types\/page"}],"author":[{"embeddable":true,"href":"https:\/\/tasra.info\/fr\/wp-json\/wp\/v2\/users\/1"}],"replies":[{"embeddable":true,"href":"https:\/\/tasra.info\/fr\/wp-json\/wp\/v2\/comments?post=11"}],"version-history":[{"count":19,"href":"https:\/\/tasra.info\/fr\/wp-json\/wp\/v2\/pages\/11\/revisions"}],"predecessor-version":[{"id":1091,"href":"https:\/\/tasra.info\/fr\/wp-json\/wp\/v2\/pages\/11\/revisions\/1091"}],"wp:attachment":[{"href":"https:\/\/tasra.info\/fr\/wp-json\/wp\/v2\/media?parent=11"}],"curies":[{"name":"wp","href":"https:\/\/api.w.org\/{rel}","templated":true}]}}